{"id":1262,"date":"2023-06-05T03:23:26","date_gmt":"2023-06-05T03:23:26","guid":{"rendered":"https:\/\/yanazu.com\/index.php\/about\/"},"modified":"2024-03-19T22:02:14","modified_gmt":"2024-03-19T21:02:14","slug":"about","status":"publish","type":"page","link":"https:\/\/yanazu.com\/en\/about\/","title":{"rendered":"About"},"content":{"rendered":"<div class=\"wp-block-uagb-container uagb-block-1863530f alignfull uagb-is-root-container\"><div class=\"uagb-container-inner-blocks-wrap\">\n<div class=\"wp-block-uagb-advanced-heading uagb-block-ea286ba0\"><h1 class=\"uagb-heading-text\">Experiencia en Baldosas y Naranjas<\/h1><\/div>\n<\/div><\/div>\n\n\n\n<div class=\"wp-block-uagb-container uagb-block-d2e6ba0e alignfull uagb-is-root-container\"><div class=\"uagb-container-inner-blocks-wrap\">\n<div class=\"wp-block-uagb-container uagb-block-2149bad4\">\n<div class=\"wp-block-uagb-advanced-heading uagb-block-ab299bc0\"><h2 class=\"uagb-heading-text\">Sobre Yanazu: Conectando Continentes a Trav\u00e9s de Calidad y Servicio<\/h2><p class=\"uagb-desc-text\">Yanazu es un negocio local ubicado en Onda, Espa\u00f1a, especializado en la producci\u00f3n de baldosas de alta calidad y naranjas deliciosas. Actuando como intermediario clave entre compradores africanos y proveedores espa\u00f1oles.<\/p><\/div>\n\n\n\n<div class=\"wp-block-uagb-advanced-heading uagb-block-d6349496\"><p class=\"uagb-heading-text\">Con un enfoque s\u00f3lido en la satisfacci\u00f3n del cliente y la fiabilidad, Yanazu sigue expandiendo sus servicios para proveer un puente entre continentes para facilitar un comercio eficiente.<\/p><\/div>\n<\/div>\n\n\n\n<div class=\"wp-block-uagb-container uagb-block-3184a8fc\">\n<div class=\"wp-block-uagb-image alignright uagb-block-122a5ca6 wp-block-uagb-image--layout-default wp-block-uagb-image--effect-static wp-block-uagb-image--align-right\"><figure class=\"wp-block-uagb-image__figure\"><img decoding=\"async\" srcset=\"https:\/\/yanazu.com\/wp-content\/uploads\/2024\/03\/pexels-photo-14861040.jpeg ,https:\/\/yanazu.com\/wp-content\/uploads\/2024\/03\/pexels-photo-14861040.jpeg 780w, https:\/\/yanazu.com\/wp-content\/uploads\/2024\/03\/pexels-photo-14861040.jpeg 360w\" sizes=\"auto, (max-width: 480px) 150px\" src=\"https:\/\/yanazu.com\/wp-content\/uploads\/2024\/03\/pexels-photo-14861040.jpeg\" alt=\"\" class=\"uag-image-11\" width=\"600\" height=\"500\" title=\"\" loading=\"lazy\" role=\"img\"\/><\/figure><\/div>\n<\/div>\n<\/div><\/div>\n\n\n\n<div class=\"wp-block-uagb-container uagb-block-6d0d8e33 alignfull uagb-is-root-container\"><div class=\"uagb-container-inner-blocks-wrap\">\n<div class=\"wp-block-uagb-advanced-heading uagb-block-ffc704b6\"><h2 class=\"uagb-heading-text\">Propuesta de Valor \u00danica<\/h2><p class=\"uagb-desc-text\">Descubra por qu\u00e9 elegir a Yanazu como su socio comercial de confianza<\/p><\/div>\n\n\n\n<div class=\"wp-block-uagb-container uagb-block-e5fd540e\">\n<div class=\"wp-block-uagb-info-box uagb-block-9d4c2a47 uagb-infobox__content-wrap  uagb-infobox-icon-left uagb-infobox-left uagb-infobox-stacked-mobile uagb-infobox-image-valign-top\"><div class=\"uagb-ifb-icon-wrap\"><div class=\"uagb-iconbox-icon-wrap uagb-infobox-shape-circle\"><svg xmlns=\"https:\/\/www.w3.org\/2000\/svg\" viewbox=\"0 0 512 512\"><path d=\"M288 256C288 273.7 273.7 288 256 288C238.3 288 224 273.7 224 256C224 238.3 238.3 224 256 224C273.7 224 288 238.3 288 256zM112 256C112 176.5 176.5 112 256 112C335.5 112 400 176.5 400 256C400 335.5 335.5 400 256 400C176.5 400 112 335.5 112 256zM256 336C300.2 336 336 300.2 336 256C336 211.8 300.2 176 256 176C211.8 176 176 211.8 176 256C176 300.2 211.8 336 256 336zM512 256C512 397.4 397.4 512 256 512C114.6 512 0 397.4 0 256C0 114.6 114.6 0 256 0C397.4 0 512 114.6 512 256zM256 64C149.1 64 64 149.1 64 256C64 362 149.1 448 256 448C362 448 448 362 448 256C448 149.1 362 64 256 64z\"><\/path><\/svg><\/div><\/div><div class=\"uagb-ifb-content\"><div class=\"uagb-ifb-title-wrap\"><h3 class=\"uagb-ifb-title\">Calidad<\/h3><\/div><p class=\"uagb-ifb-desc\">Productos de baldosas y naranjas de alta calidad que destacan en el mercado internacional, asegurando la satisfacci\u00f3n de los clientes exigentes.<\/p><\/div><\/div>\n\n\n\n<div class=\"wp-block-uagb-info-box uagb-block-100fed11 uagb-infobox__content-wrap  uagb-infobox-icon-left uagb-infobox-left uagb-infobox-stacked-mobile uagb-infobox-image-valign-top\"><div class=\"uagb-ifb-icon-wrap\"><div class=\"uagb-iconbox-icon-wrap uagb-infobox-shape-circle\"><svg xmlns=\"https:\/\/www.w3.org\/2000\/svg\" viewbox=\"0 0 512 512\"><path d=\"M256 53.46L300.1 7.261C307 1.034 315.1-1.431 324.4 .8185C332.8 3.068 339.3 9.679 341.4 18.1L357.3 80.6L419.3 63.07C427.7 60.71 436.7 63.05 442.8 69.19C448.1 75.34 451.3 84.33 448.9 92.69L431.4 154.7L493.9 170.6C502.3 172.7 508.9 179.2 511.2 187.6C513.4 196 510.1 204.1 504.7 211L458.5 256L504.7 300.1C510.1 307 513.4 315.1 511.2 324.4C508.9 332.8 502.3 339.3 493.9 341.4L431.4 357.3L448.9 419.3C451.3 427.7 448.1 436.7 442.8 442.8C436.7 448.1 427.7 451.3 419.3 448.9L357.3 431.4L341.4 493.9C339.3 502.3 332.8 508.9 324.4 511.2C315.1 513.4 307 510.1 300.1 504.7L256 458.5L211 504.7C204.1 510.1 196 513.4 187.6 511.2C179.2 508.9 172.7 502.3 170.6 493.9L154.7 431.4L92.69 448.9C84.33 451.3 75.34 448.1 69.19 442.8C63.05 436.7 60.71 427.7 63.07 419.3L80.6 357.3L18.1 341.4C9.679 339.3 3.068 332.8 .8186 324.4C-1.431 315.1 1.034 307 7.261 300.1L53.46 256L7.261 211C1.034 204.1-1.431 196 .8186 187.6C3.068 179.2 9.679 172.7 18.1 170.6L80.6 154.7L63.07 92.69C60.71 84.33 63.05 75.34 69.19 69.19C75.34 63.05 84.33 60.71 92.69 63.07L154.7 80.6L170.6 18.1C172.7 9.679 179.2 3.068 187.6 .8185C196-1.431 204.1 1.034 211 7.261L256 53.46z\"><\/path><\/svg><\/div><\/div><div class=\"uagb-ifb-content\"><div class=\"uagb-ifb-title-wrap\"><h3 class=\"uagb-ifb-title\">Servicio<\/h3><\/div><p class=\"uagb-ifb-desc\">Atenci\u00f3n al cliente excepcional y servicios eficientes que garantizan una experiencia sin complicaciones desde el pedido hasta la entrega.<\/p><\/div><\/div>\n\n\n\n<div class=\"wp-block-uagb-info-box uagb-block-c6ce4d7c uagb-infobox__content-wrap  uagb-infobox-icon-left uagb-infobox-left uagb-infobox-stacked-mobile uagb-infobox-image-valign-top\"><div class=\"uagb-ifb-icon-wrap\"><div class=\"uagb-iconbox-icon-wrap uagb-infobox-shape-circle\"><svg xmlns=\"https:\/\/www.w3.org\/2000\/svg\" viewbox=\"0 0 512 512\"><path d=\"M0 256C0 114.6 114.6 0 256 0C397.4 0 512 114.6 512 256C512 397.4 397.4 512 256 512C114.6 512 0 397.4 0 256zM371.8 211.8C382.7 200.9 382.7 183.1 371.8 172.2C360.9 161.3 343.1 161.3 332.2 172.2L224 280.4L179.8 236.2C168.9 225.3 151.1 225.3 140.2 236.2C129.3 247.1 129.3 264.9 140.2 275.8L204.2 339.8C215.1 350.7 232.9 350.7 243.8 339.8L371.8 211.8z\"><\/path><\/svg><\/div><\/div><div class=\"uagb-ifb-content\"><div class=\"uagb-ifb-title-wrap\"><h3 class=\"uagb-ifb-title\">Conexi\u00f3n Global<\/h3><\/div><p class=\"uagb-ifb-desc\">Una s\u00f3lida red de contactos que permite a Yanazu facilitar el comercio entre \u00c1frica y Espa\u00f1a de manera fluida y exitosa.<\/p><\/div><\/div>\n<\/div>\n<\/div><\/div>\n\n\n\n<div class=\"wp-block-uagb-container uagb-block-2a9574c8 alignfull uagb-is-root-container\"><div class=\"uagb-container-inner-blocks-wrap\">\n<div class=\"wp-block-uagb-info-box uagb-block-871f6ba5 uagb-infobox__content-wrap  uagb-infobox-icon-above-title uagb-infobox-image-valign-top\"><div class=\"uagb-ifb-content\"><div class=\"uagb-ifb-title-wrap\"><h2 class=\"uagb-ifb-title\">\u00danete a Nosotros<\/h2><\/div><p class=\"uagb-ifb-desc\">Descubre c\u00f3mo podemos ayudarte a lograr tus objetivos comerciales. Ponte en contacto hoy mismo.<\/p><div class=\"uagb-ifb-button-wrapper wp-block-button\"><a href=\"https:\/\/yanazu.com\/en\/contact\/\" class=\"uagb-infobox-cta-link wp-block-button__link\" target=\"_self\" rel=\"noopener noreferrer\" onclick=\"return true;\" alt=\"\"><span class=\"uagb-inline-editing\">Contactar<\/span><\/a><\/div><\/div><\/div>\n<\/div><\/div>","protected":false},"excerpt":{"rendered":"<p>Experiencia en Baldosas y Naranjas Sobre Yanazu: Conectando Continentes a Trav\u00e9s de Calidad y Servicio Yanazu es un negocio local [&hellip;]<\/p>","protected":false},"author":1,"featured_media":0,"parent":0,"menu_order":0,"comment_status":"closed","ping_status":"closed","template":"","meta":{"_uag_custom_page_level_css":"","site-sidebar-layout":"default","site-content-layout":"page-builder","ast-site-content-layout":"full-width-container","site-content-style":"unboxed","site-sidebar-style":"unboxed","ast-global-header-display":"","ast-banner-title-visibility":"","ast-main-header-display":"","ast-hfb-above-header-display":"","ast-hfb-below-header-display":"","ast-hfb-mobile-header-display":"","site-post-title":"disabled","ast-breadcrumbs-content":"","ast-featured-img":"","footer-sml-layout":"","theme-transparent-header-meta":"","adv-header-id-meta":"","stick-header-meta":"","header-above-stick-meta":"","header-main-stick-meta":"","header-below-stick-meta":"","astra-migrate-meta-layouts":"set","ast-page-background-enabled":"default","ast-page-background-meta":{"desktop":{"background-color":"var(--ast-global-color-4)","background-image":"","background-repeat":"repeat","background-position":"center center","background-size":"auto","background-attachment":"scroll","background-type":"","background-media":"","overlay-type":"","overlay-color":"","overlay-gradient":""},"tablet":{"background-color":"","background-image":"","background-repeat":"repeat","background-position":"center center","background-size":"auto","background-attachment":"scroll","background-type":"","background-media":"","overlay-type":"","overlay-color":"","overlay-gradient":""},"mobile":{"background-color":"","background-image":"","background-repeat":"repeat","background-position":"center center","background-size":"auto","background-attachment":"scroll","background-type":"","background-media":"","overlay-type":"","overlay-color":"","overlay-gradient":""}},"ast-content-background-meta":{"desktop":{"background-color":"var(--ast-global-color-5)","background-image":"","background-repeat":"repeat","background-position":"center center","background-size":"auto","background-attachment":"scroll","background-type":"","background-media":"","overlay-type":"","overlay-color":"","overlay-gradient":""},"tablet":{"background-color":"var(--ast-global-color-5)","background-image":"","background-repeat":"repeat","background-position":"center center","background-size":"auto","background-attachment":"scroll","background-type":"","background-media":"","overlay-type":"","overlay-color":"","overlay-gradient":""},"mobile":{"background-color":"var(--ast-global-color-5)","background-image":"","background-repeat":"repeat","background-position":"center center","background-size":"auto","background-attachment":"scroll","background-type":"","background-media":"","overlay-type":"","overlay-color":"","overlay-gradient":""}},"footnotes":""},"class_list":["post-1262","page","type-page","status-publish","hentry"],"jetpack_sharing_enabled":true,"uagb_featured_image_src":{"full":false,"thumbnail":false,"medium":false,"medium_large":false,"large":false,"1536x1536":false,"2048x2048":false,"trp-custom-language-flag":false,"woocommerce_thumbnail":false,"woocommerce_single":false,"woocommerce_gallery_thumbnail":false},"uagb_author_info":{"display_name":"jorzarso1989","author_link":"https:\/\/yanazu.com\/en\/author\/jorzarso1989\/"},"uagb_comment_info":0,"uagb_excerpt":"Experiencia en Baldosas y Naranjas Sobre Yanazu: Conectando Continentes a Trav\u00e9s de Calidad y Servicio Yanazu es un negocio local [&hellip;]","_links":{"self":[{"href":"https:\/\/yanazu.com\/en\/wp-json\/wp\/v2\/pages\/1262","targetHints":{"allow":["GET"]}}],"collection":[{"href":"https:\/\/yanazu.com\/en\/wp-json\/wp\/v2\/pages"}],"about":[{"href":"https:\/\/yanazu.com\/en\/wp-json\/wp\/v2\/types\/page"}],"author":[{"embeddable":true,"href":"https:\/\/yanazu.com\/en\/wp-json\/wp\/v2\/users\/1"}],"replies":[{"embeddable":true,"href":"https:\/\/yanazu.com\/en\/wp-json\/wp\/v2\/comments?post=1262"}],"version-history":[{"count":2,"href":"https:\/\/yanazu.com\/en\/wp-json\/wp\/v2\/pages\/1262\/revisions"}],"predecessor-version":[{"id":1528,"href":"https:\/\/yanazu.com\/en\/wp-json\/wp\/v2\/pages\/1262\/revisions\/1528"}],"wp:attachment":[{"href":"https:\/\/yanazu.com\/en\/wp-json\/wp\/v2\/media?parent=1262"}],"curies":[{"name":"wp","href":"https:\/\/api.w.org\/{rel}","templated":true}]}}