{"id":31,"date":"2023-06-05T03:23:26","date_gmt":"2023-06-05T03:23:26","guid":{"rendered":"https:\/\/yanazu.com\/index.php\/services\/"},"modified":"2024-03-19T22:02:14","modified_gmt":"2024-03-19T21:02:14","slug":"services","status":"publish","type":"page","link":"https:\/\/yanazu.com\/en\/services\/","title":{"rendered":"Services"},"content":{"rendered":"<div class=\"wp-block-uagb-container uagb-block-4ff1178c alignfull uagb-is-root-container\"><div class=\"uagb-container-inner-blocks-wrap\">\n<div class=\"wp-block-uagb-advanced-heading uagb-block-cd6d7bc4\"><h1 class=\"uagb-heading-text\">Servicios Destacados<\/h1><\/div>\n<\/div><\/div>\n\n\n\n<div class=\"wp-block-uagb-container uagb-block-fd4a3053 alignfull uagb-is-root-container\"><div class=\"uagb-container-inner-blocks-wrap\">\n<div class=\"wp-block-uagb-advanced-heading uagb-block-1d54974c\"><h2 class=\"uagb-heading-text\">Nuestros Servicios Principales<\/h2><\/div>\n\n\n\n<div class=\"wp-block-uagb-container uagb-block-6dfd2085\">\n<div class=\"wp-block-uagb-container uagb-block-688f5efc\">\n<div class=\"wp-block-uagb-image alignleft uagb-block-86653dc4 wp-block-uagb-image--layout-default wp-block-uagb-image--effect-static wp-block-uagb-image--align-left\"><figure class=\"wp-block-uagb-image__figure\"><img decoding=\"async\" srcset=\"https:\/\/yanazu.com\/wp-content\/uploads\/2024\/03\/pexels-photo-14861040.jpeg ,https:\/\/yanazu.com\/wp-content\/uploads\/2024\/03\/pexels-photo-14861040.jpeg 780w\" sizes=\"auto, (max-width: 480px) 150px\" src=\"https:\/\/yanazu.com\/wp-content\/uploads\/2024\/03\/pexels-photo-14861040.jpeg\" alt=\"\" class=\"uag-image-11\" width=\"600\" height=\"350\" title=\"\" loading=\"lazy\" role=\"img\"\/><\/figure><\/div>\n\n\n\n<div class=\"wp-block-uagb-advanced-heading uagb-block-a9628216\"><h3 class=\"uagb-heading-text\">Azulejos<\/h3><p class=\"uagb-desc-text\">En Yanazu ofrecemos una extensa gama de azulejos de primera calidad, adecuados para todo tipo de proyectos y estilos. Nuestros productos destacan por su durabilidad y dise\u00f1o innovador, cumpliendo con las expectativas m\u00e1s exigentes de nuestros clientes.<\/p><\/div>\n<\/div>\n\n\n\n<div class=\"wp-block-uagb-container uagb-block-bcecf630\">\n<div class=\"wp-block-uagb-image alignleft uagb-block-2fdd2037 wp-block-uagb-image--layout-default wp-block-uagb-image--effect-static wp-block-uagb-image--align-left\"><figure class=\"wp-block-uagb-image__figure\"><img decoding=\"async\" srcset=\"https:\/\/yanazu.com\/wp-content\/uploads\/2024\/03\/pexels-photo-14861040.jpeg ,https:\/\/yanazu.com\/wp-content\/uploads\/2024\/03\/pexels-photo-14861040.jpeg 780w, https:\/\/yanazu.com\/wp-content\/uploads\/2024\/03\/pexels-photo-14861040.jpeg 360w\" sizes=\"auto, (max-width: 480px) 150px\" src=\"https:\/\/yanazu.com\/wp-content\/uploads\/2024\/03\/pexels-photo-14861040.jpeg\" alt=\"\" class=\"uag-image-11\" width=\"600\" height=\"350\" title=\"\" loading=\"lazy\" role=\"img\"\/><\/figure><\/div>\n\n\n\n<div class=\"wp-block-uagb-advanced-heading uagb-block-3a66f6da\"><h3 class=\"uagb-heading-text\">Naranjas<\/h3><p class=\"uagb-desc-text\">Nuestras naranjas son cultivadas con cuidado y pasi\u00f3n en los campos de Onda, asegurando su calidad y sabor excepcionales. En Yanazu, nos enorgullecemos de ofrecer naranjas frescas y jugosas, listas para ser disfrutadas en el desayuno o como un saludable tentempi\u00e9 a lo largo del d\u00eda.<\/p><\/div>\n<\/div>\n\n\n\n<div class=\"wp-block-uagb-container uagb-block-9ece309e\">\n<div class=\"wp-block-uagb-image alignleft uagb-block-4271067e wp-block-uagb-image--layout-default wp-block-uagb-image--effect-static wp-block-uagb-image--align-left\"><figure class=\"wp-block-uagb-image__figure\"><img decoding=\"async\" srcset=\"https:\/\/yanazu.com\/wp-content\/uploads\/2024\/03\/pexels-photo-14861040.jpeg ,https:\/\/yanazu.com\/wp-content\/uploads\/2024\/03\/pexels-photo-14861040.jpeg 780w, https:\/\/yanazu.com\/wp-content\/uploads\/2024\/03\/pexels-photo-14861040.jpeg 360w\" sizes=\"auto, (max-width: 480px) 150px\" src=\"https:\/\/yanazu.com\/wp-content\/uploads\/2024\/03\/pexels-photo-14861040.jpeg\" alt=\"\" class=\"uag-image-11\" width=\"600\" height=\"350\" title=\"\" loading=\"lazy\" role=\"img\"\/><\/figure><\/div>\n\n\n\n<div class=\"wp-block-uagb-advanced-heading uagb-block-4afb6a4c\"><h3 class=\"uagb-heading-text\">Intermediaci\u00f3n<\/h3><p class=\"uagb-desc-text\">Como intermediarios clave en la industria, en Yanazu facilitamos el comercio eficiente y exitoso entre compradores africanos y proveedores espa\u00f1oles. Nuestra amplia red de contactos y experiencia nos permite asegurar transacciones fluidas y convenientes para ambas partes, fortaleciendo la relaci\u00f3n comercial entre continentes.<\/p><\/div>\n<\/div>\n\n\n\n<div class=\"wp-block-uagb-container uagb-block-14bfbaa4\">\n<div class=\"wp-block-uagb-image alignleft uagb-block-dc1134e2 wp-block-uagb-image--layout-default wp-block-uagb-image--effect-static wp-block-uagb-image--align-left\"><figure class=\"wp-block-uagb-image__figure\"><img decoding=\"async\" srcset=\"https:\/\/yanazu.com\/wp-content\/uploads\/2024\/03\/pexels-photo-14861040.jpeg \" sizes=\"auto, (max-width: 480px) 150px\" src=\"https:\/\/yanazu.com\/wp-content\/uploads\/2024\/03\/pexels-photo-14861040.jpeg\" alt=\"\" class=\"uag-image-11\" width=\"600\" height=\"350\" title=\"\" loading=\"lazy\" role=\"img\"\/><\/figure><\/div>\n\n\n\n<div class=\"wp-block-uagb-advanced-heading uagb-block-f707ce13\"><h3 class=\"uagb-heading-text\">Servicio al Cliente<\/h3><p class=\"uagb-desc-text\">En Yanazu, la satisfacci\u00f3n del cliente es nuestra prioridad. Nuestro equipo altamente capacitado y comprometido est\u00e1 siempre a disposici\u00f3n para atender cualquier consulta o solicitud de manera eficaz y r\u00e1pida. Nos esforzamos por ofrecer un servicio confiable y personalizado que garantice una experiencia positiva para cada cliente.<\/p><\/div>\n<\/div>\n<\/div>\n<\/div><\/div>\n\n\n\n<div class=\"wp-block-uagb-container uagb-block-2a9574c8 alignfull uagb-is-root-container\"><div class=\"uagb-container-inner-blocks-wrap\">\n<div class=\"wp-block-uagb-info-box uagb-block-871f6ba5 uagb-infobox__content-wrap  uagb-infobox-icon-above-title uagb-infobox-image-valign-top\"><div class=\"uagb-ifb-content\"><div class=\"uagb-ifb-title-wrap\"><h2 class=\"uagb-ifb-title\">\u00danete a Nosotros<\/h2><\/div><p class=\"uagb-ifb-desc\">Descubre c\u00f3mo podemos ayudarte a lograr tus objetivos comerciales. Ponte en contacto hoy mismo.<\/p><div class=\"uagb-ifb-button-wrapper wp-block-button\"><a href=\"https:\/\/yanazu.com\/en\/contact\/\" class=\"uagb-infobox-cta-link wp-block-button__link\" target=\"_self\" rel=\"noopener noreferrer\" onclick=\"return true;\" alt=\"\"><span class=\"uagb-inline-editing\">Contactar<\/span><\/a><\/div><\/div><\/div>\n<\/div><\/div>","protected":false},"excerpt":{"rendered":"<p>Servicios Destacados Nuestros Servicios Principales Azulejos En Yanazu ofrecemos una extensa gama de azulejos de primera calidad, adecuados para todo [&hellip;]<\/p>","protected":false},"author":1,"featured_media":0,"parent":0,"menu_order":0,"comment_status":"closed","ping_status":"closed","template":"","meta":{"_uag_custom_page_level_css":"","site-sidebar-layout":"default","site-content-layout":"","ast-site-content-layout":"default","site-content-style":"default","site-sidebar-style":"default","ast-global-header-display":"","ast-banner-title-visibility":"","ast-main-header-display":"","ast-hfb-above-header-display":"","ast-hfb-below-header-display":"","ast-hfb-mobile-header-display":"","site-post-title":"disabled","ast-breadcrumbs-content":"","ast-featured-img":"","footer-sml-layout":"","theme-transparent-header-meta":"","adv-header-id-meta":"","stick-header-meta":"","header-above-stick-meta":"","header-main-stick-meta":"","header-below-stick-meta":"","astra-migrate-meta-layouts":"set","ast-page-background-enabled":"default","ast-page-background-meta":{"desktop":{"background-color":"var(--ast-global-color-4)","background-image":"","background-repeat":"repeat","background-position":"center center","background-size":"auto","background-attachment":"scroll","background-type":"","background-media":"","overlay-type":"","overlay-color":"","overlay-gradient":""},"tablet":{"background-color":"","background-image":"","background-repeat":"repeat","background-position":"center center","background-size":"auto","background-attachment":"scroll","background-type":"","background-media":"","overlay-type":"","overlay-color":"","overlay-gradient":""},"mobile":{"background-color":"","background-image":"","background-repeat":"repeat","background-position":"center center","background-size":"auto","background-attachment":"scroll","background-type":"","background-media":"","overlay-type":"","overlay-color":"","overlay-gradient":""}},"ast-content-background-meta":{"desktop":{"background-color":"var(--ast-global-color-5)","background-image":"","background-repeat":"repeat","background-position":"center center","background-size":"auto","background-attachment":"scroll","background-type":"","background-media":"","overlay-type":"","overlay-color":"","overlay-gradient":""},"tablet":{"background-color":"var(--ast-global-color-5)","background-image":"","background-repeat":"repeat","background-position":"center center","background-size":"auto","background-attachment":"scroll","background-type":"","background-media":"","overlay-type":"","overlay-color":"","overlay-gradient":""},"mobile":{"background-color":"var(--ast-global-color-5)","background-image":"","background-repeat":"repeat","background-position":"center center","background-size":"auto","background-attachment":"scroll","background-type":"","background-media":"","overlay-type":"","overlay-color":"","overlay-gradient":""}},"footnotes":""},"class_list":["post-31","page","type-page","status-publish","hentry"],"jetpack_sharing_enabled":true,"uagb_featured_image_src":{"full":false,"thumbnail":false,"medium":false,"medium_large":false,"large":false,"1536x1536":false,"2048x2048":false,"trp-custom-language-flag":false,"woocommerce_thumbnail":false,"woocommerce_single":false,"woocommerce_gallery_thumbnail":false},"uagb_author_info":{"display_name":"jorzarso1989","author_link":"https:\/\/yanazu.com\/en\/author\/jorzarso1989\/"},"uagb_comment_info":0,"uagb_excerpt":"Servicios Destacados Nuestros Servicios Principales Azulejos En Yanazu ofrecemos una extensa gama de azulejos de primera calidad, adecuados para todo [&hellip;]","_links":{"self":[{"href":"https:\/\/yanazu.com\/en\/wp-json\/wp\/v2\/pages\/31","targetHints":{"allow":["GET"]}}],"collection":[{"href":"https:\/\/yanazu.com\/en\/wp-json\/wp\/v2\/pages"}],"about":[{"href":"https:\/\/yanazu.com\/en\/wp-json\/wp\/v2\/types\/page"}],"author":[{"embeddable":true,"href":"https:\/\/yanazu.com\/en\/wp-json\/wp\/v2\/users\/1"}],"replies":[{"embeddable":true,"href":"https:\/\/yanazu.com\/en\/wp-json\/wp\/v2\/comments?post=31"}],"version-history":[{"count":2,"href":"https:\/\/yanazu.com\/en\/wp-json\/wp\/v2\/pages\/31\/revisions"}],"predecessor-version":[{"id":1526,"href":"https:\/\/yanazu.com\/en\/wp-json\/wp\/v2\/pages\/31\/revisions\/1526"}],"wp:attachment":[{"href":"https:\/\/yanazu.com\/en\/wp-json\/wp\/v2\/media?parent=31"}],"curies":[{"name":"wp","href":"https:\/\/api.w.org\/{rel}","templated":true}]}}